{"id":4200,"date":"2024-07-29T15:19:50","date_gmt":"2024-07-29T15:19:50","guid":{"rendered":"https:\/\/click-collective.com\/?page_id=4200"},"modified":"2024-08-07T19:24:51","modified_gmt":"2024-08-07T19:24:51","slug":"welcome-pack","status":"publish","type":"page","link":"https:\/\/click-collective.com\/fr\/homepage\/welcome-pack\/","title":{"rendered":"Welcome Pack"},"content":{"rendered":"<div data-elementor-type=\"wp-page\" data-elementor-id=\"4200\" class=\"elementor elementor-4200\" data-elementor-post-type=\"page\">\n\t\t\t\t<div class=\"elementor-element elementor-element-f652e3a e-flex e-con-boxed e-con e-parent\" data-id=\"f652e3a\" data-element_type=\"container\" data-e-type=\"container\">\n\t\t\t\t\t<div class=\"e-con-inner\">\n\t\t<div class=\"elementor-element elementor-element-b3b2b9e e-con-full e-flex e-con e-child\" data-id=\"b3b2b9e\" data-element_type=\"container\" data-e-type=\"container\">\n\t\t\t\t<div class=\"elementor-element elementor-element-d398260 elementor-widget__width-inherit elementor-widget elementor-widget-text-editor\" data-id=\"d398260\" data-element_type=\"widget\" data-e-type=\"widget\" data-widget_type=\"text-editor.default\">\n\t\t\t\t<div class=\"elementor-widget-container\">\n\t\t\t\t\t\t\t\t\t<p><strong>Vous \u00eates sur le point de d\u00e9couvrir un tout nouveau monde !<\/strong><\/p>\t\t\t\t\t\t\t\t<\/div>\n\t\t\t\t<\/div>\n\t\t\t\t<div class=\"elementor-element elementor-element-43433a4 elementor-widget elementor-widget-text-editor\" data-id=\"43433a4\" data-element_type=\"widget\" data-e-type=\"widget\" data-widget_type=\"text-editor.default\">\n\t\t\t\t<div class=\"elementor-widget-container\">\n\t\t\t\t\t\t\t\t\t<p>Bienvenue chez Click Collective, on a hate de mieux vous connaitre.<\/p> \t\t\t\t\t\t\t\t<\/div>\n\t\t\t\t<\/div>\n\t\t\t\t<\/div>\n\t\t\t\t\t<\/div>\n\t\t\t\t<\/div>\n\t\t<div class=\"elementor-element elementor-element-787c6b1 e-flex e-con-boxed e-con e-parent\" data-id=\"787c6b1\" data-element_type=\"container\" data-e-type=\"container\">\n\t\t\t\t\t<div class=\"e-con-inner\">\n\t\t<div class=\"elementor-element elementor-element-cd746ff e-con-full e-flex e-con e-child\" data-id=\"cd746ff\" data-element_type=\"container\" data-e-type=\"container\">\n\t\t\t\t<div class=\"elementor-element elementor-element-3961d97 elementor-hidden-mobile elementor-widget elementor-widget-heading\" data-id=\"3961d97\" data-element_type=\"widget\" data-e-type=\"widget\" data-widget_type=\"heading.default\">\n\t\t\t\t<div class=\"elementor-widget-container\">\n\t\t\t\t\t<h2 class=\"elementor-heading-title elementor-size-default\">FORFAIT<\/h2>\t\t\t\t<\/div>\n\t\t\t\t<\/div>\n\t\t\t\t<div class=\"elementor-element elementor-element-933d7ec eael-pricing-content-align-center eael-pricing-button-align-center elementor-widget elementor-widget-eael-pricing-table\" data-id=\"933d7ec\" data-element_type=\"widget\" data-e-type=\"widget\" data-widget_type=\"eael-pricing-table.default\">\n\t\t\t\t<div class=\"elementor-widget-container\">\n\t\t\t\t\t    <div class=\"eael-pricing style-1 eael-header-devider\">\n                    <div class=\"eael-pricing-item featured ribbon-2\">\n                <div class=\"header\">\n                    <h2 class=\"title\">OFFRE DE BIENVENUE<\/h2>\n                <\/div>\n                <div class=\"eael-pricing-tag\">\n                    <span class=\"price-tag\"><del class=\"original-price\">\n                    <span class=\"price-currency\">$<\/span>7,950<\/del>\n                <span class=\"sale-price\">\n                    <span class=\"price-currency\">$<\/span>3,975<\/span><\/span><span class=\"price-period\">\/mois<\/span>                <\/div>\n                <div class=\"body\">\n                            <ul>\n                            <li class=\"eael-pricing-item-feature elementor-repeater-item-5039295\">\n                    \n                                <span class=\"li-icon\">\n                <svg aria-hidden=\"true\" class=\"e-font-icon-svg e-fas-check\" viewbox=\"0 0 512 512\" xmlns=\"http:\/\/www.w3.org\/2000\/svg\"><path d=\"M173.898 439.404l-166.4-166.4c-9.997-9.997-9.997-26.206 0-36.204l36.203-36.204c9.997-9.998 26.207-9.998 36.204 0L192 312.69 432.095 72.596c9.997-9.997 26.207-9.997 36.204 0l36.203 36.204c9.997 9.997 9.997 26.206 0 36.204l-294.4 294.401c-9.998 9.997-26.207 9.997-36.204-.001z\"><\/path><\/svg>            <\/span>\n\n        \n                    <span >Nombre de revision illimit\u00e9<\/span>\n                    \n                     \n                <\/li>\n                            <li class=\"eael-pricing-item-feature elementor-repeater-item-c6ec2cb\">\n                    \n                                <span class=\"li-icon\">\n                <svg aria-hidden=\"true\" class=\"e-font-icon-svg e-fas-check\" viewbox=\"0 0 512 512\" xmlns=\"http:\/\/www.w3.org\/2000\/svg\"><path d=\"M173.898 439.404l-166.4-166.4c-9.997-9.997-9.997-26.206 0-36.204l36.203-36.204c9.997-9.998 26.207-9.998 36.204 0L192 312.69 432.095 72.596c9.997-9.997 26.207-9.997 36.204 0l36.203 36.204c9.997 9.997 9.997 26.206 0 36.204l-294.4 294.401c-9.998 9.997-26.207 9.997-36.204-.001z\"><\/path><\/svg>            <\/span>\n\n        \n                    <span >Nombre de montage illimit\u00e9<\/span>\n                    \n                     \n                <\/li>\n                            <li class=\"eael-pricing-item-feature elementor-repeater-item-729639c\">\n                    \n                                <span class=\"li-icon\">\n                <svg aria-hidden=\"true\" class=\"e-font-icon-svg e-fas-check\" viewbox=\"0 0 512 512\" xmlns=\"http:\/\/www.w3.org\/2000\/svg\"><path d=\"M173.898 439.404l-166.4-166.4c-9.997-9.997-9.997-26.206 0-36.204l36.203-36.204c9.997-9.998 26.207-9.998 36.204 0L192 312.69 432.095 72.596c9.997-9.997 26.207-9.997 36.204 0l36.203 36.204c9.997 9.997 9.997 26.206 0 36.204l-294.4 294.401c-9.998 9.997-26.207 9.997-36.204-.001z\"><\/path><\/svg>            <\/span>\n\n        \n                    <span >Nombre d'animation simple illimit\u00e9<\/span>\n                    \n                     \n                <\/li>\n                            <li class=\"eael-pricing-item-feature elementor-repeater-item-0b669a5\">\n                    \n                                <span class=\"li-icon\">\n                <svg aria-hidden=\"true\" class=\"e-font-icon-svg e-fas-check\" viewbox=\"0 0 512 512\" xmlns=\"http:\/\/www.w3.org\/2000\/svg\"><path d=\"M173.898 439.404l-166.4-166.4c-9.997-9.997-9.997-26.206 0-36.204l36.203-36.204c9.997-9.998 26.207-9.998 36.204 0L192 312.69 432.095 72.596c9.997-9.997 26.207-9.997 36.204 0l36.203 36.204c9.997 9.997 9.997 26.206 0 36.204l-294.4 294.401c-9.998 9.997-26.207 9.997-36.204-.001z\"><\/path><\/svg>            <\/span>\n\n        \n                    <span >Nombre de traduction EN- FR illimit\u00e9<\/span>\n                    \n                     \n                <\/li>\n                            <li class=\"eael-pricing-item-feature elementor-repeater-item-414c23f\">\n                    \n                                <span class=\"li-icon\">\n                <svg aria-hidden=\"true\" class=\"e-font-icon-svg e-fas-check\" viewbox=\"0 0 512 512\" xmlns=\"http:\/\/www.w3.org\/2000\/svg\"><path d=\"M173.898 439.404l-166.4-166.4c-9.997-9.997-9.997-26.206 0-36.204l36.203-36.204c9.997-9.998 26.207-9.998 36.204 0L192 312.69 432.095 72.596c9.997-9.997 26.207-9.997 36.204 0l36.203 36.204c9.997 9.997 9.997 26.206 0 36.204l-294.4 294.401c-9.998 9.997-26.207 9.997-36.204-.001z\"><\/path><\/svg>            <\/span>\n\n        \n                    <span >SEO**<\/span>\n                    \n                     \n                <\/li>\n                    <\/ul>\n                    <\/div>\n                                <div class=\"footer\">\n                    <a class=\"eael-pricing-button\" href=\"https:\/\/buy.stripe.com\/3cscQIcTNetc8Ss3cg\" target=\"_blank\" >\n                                                                                JE ME LANCE                                            <\/a>\n                <\/div>\n                            <\/div>\n                    <\/div>\n    \t\t\t\t<\/div>\n\t\t\t\t<\/div>\n\t\t\t\t<\/div>\n\t\t\t\t\t<\/div>\n\t\t\t\t<\/div>\n\t\t<div class=\"elementor-element elementor-element-c2961f3 e-flex e-con-boxed e-con e-parent\" data-id=\"c2961f3\" data-element_type=\"container\" data-e-type=\"container\">\n\t\t\t\t\t<div class=\"e-con-inner\">\n\t\t\t\t<div class=\"elementor-element elementor-element-b6188e6 elementor-widget elementor-widget-text-editor\" data-id=\"b6188e6\" data-element_type=\"widget\" data-e-type=\"widget\" data-widget_type=\"text-editor.default\">\n\t\t\t\t<div class=\"elementor-widget-container\">\n\t\t\t\t\t\t\t\t\t<p>*Le Welcome Pack est limit\u00e9 \u00e0 3 mois de renouvellement et jusqu'\u00e0 20 \u00e9l\u00e9ments cr\u00e9atifs (li\u00e9s \u00e0 la conception et \u00e0 la copie), tous inclus, tels que l'identite de marque, affiches, publications sur les r\u00e9seaux sociaux, une newsletter, une banni\u00e8re Web, un article de blog ou une vid\u00e9o.<\/p><p><strong>**SEO : Jusqu'\u00e0 4 mots-cl\u00e9s par mois inclus 4 articles de blog optimis\u00e9s par mois.<\/strong><\/p>\t\t\t\t\t\t\t\t<\/div>\n\t\t\t\t<\/div>\n\t\t\t\t\t<\/div>\n\t\t\t\t<\/div>\n\t\t<div class=\"elementor-element elementor-element-d1836e9 e-flex e-con-boxed e-con e-parent\" data-id=\"d1836e9\" data-element_type=\"container\" data-e-type=\"container\">\n\t\t\t\t\t<div class=\"e-con-inner\">\n\t\t<div class=\"elementor-element elementor-element-a82cd12 e-con-full e-flex e-con e-child\" data-id=\"a82cd12\" data-element_type=\"container\" data-e-type=\"container\">\n\t\t\t\t<div class=\"elementor-element elementor-element-99f2081 elementor-widget-divider--view-line elementor-widget elementor-widget-divider\" data-id=\"99f2081\" data-element_type=\"widget\" data-e-type=\"widget\" data-widget_type=\"divider.default\">\n\t\t\t\t<div class=\"elementor-widget-container\">\n\t\t\t\t\t\t\t<div class=\"elementor-divider\">\n\t\t\t<span class=\"elementor-divider-separator\">\n\t\t\t\t\t\t<\/span>\n\t\t<\/div>\n\t\t\t\t\t\t<\/div>\n\t\t\t\t<\/div>\n\t\t\t\t<\/div>\n\t\t\t\t\t<\/div>\n\t\t\t\t<\/div>\n\t\t<div class=\"elementor-element elementor-element-b173eb0 e-flex e-con-boxed e-con e-parent\" data-id=\"b173eb0\" data-element_type=\"container\" data-e-type=\"container\">\n\t\t\t\t\t<div class=\"e-con-inner\">\n\t\t<div class=\"elementor-element elementor-element-cc8935d e-con-full e-flex e-con e-child\" data-id=\"cc8935d\" data-element_type=\"container\" data-e-type=\"container\">\n\t\t\t\t<div class=\"elementor-element elementor-element-e219c37 elementor-widget elementor-widget-text-editor\" data-id=\"e219c37\" data-element_type=\"widget\" data-e-type=\"widget\" data-widget_type=\"text-editor.default\">\n\t\t\t\t<div class=\"elementor-widget-container\">\n\t\t\t\t\t\t\t\t\t<p><span style=\"font-weight: 400;\">D'autres besoins non inclus dans votre abonnement ? <\/span><\/p><p><span style=\"font-weight: 400;\">Pas de probl\u00e8me, les \u00e9l\u00e9ments suivants sont disponibles en options : <\/span><span style=\"font-weight: 400;\">Tournage vid\u00e9o, <\/span><span style=\"font-weight: 400;\">Prise de vue, <\/span><span style=\"font-weight: 400;\">Achat d\u2019image, de musique &amp; de vid\u00e9o de stock, <\/span><span style=\"font-weight: 400;\">Int\u00e9gration web, d'infolettre, programmation de publications sur les r\u00e9seaux sociaux, etc <\/span><span style=\"font-weight: 400;\">Achat media <\/span><span style=\"font-weight: 400;\">Illustration, enregistrement de voix off.<\/span><\/p>\t\t\t\t\t\t\t\t<\/div>\n\t\t\t\t<\/div>\n\t\t\t\t<div class=\"elementor-element elementor-element-79f4baa elementor-widget__width-inherit elementor-align-center elementor-widget elementor-widget-button\" data-id=\"79f4baa\" data-element_type=\"widget\" data-e-type=\"widget\" data-widget_type=\"button.default\">\n\t\t\t\t<div class=\"elementor-widget-container\">\n\t\t\t\t\t\t\t\t\t<div class=\"elementor-button-wrapper\">\n\t\t\t\t\t<a class=\"elementor-button elementor-button-link elementor-size-sm\" href=\"mailto:admin@click-collective.com\" target=\"_blank\">\n\t\t\t\t\t\t<span class=\"elementor-button-content-wrapper\">\n\t\t\t\t\t\t\t\t\t<span class=\"elementor-button-text\">Parlons en<\/span>\n\t\t\t\t\t<\/span>\n\t\t\t\t\t<\/a>\n\t\t\t\t<\/div>\n\t\t\t\t\t\t\t\t<\/div>\n\t\t\t\t<\/div>\n\t\t\t\t<\/div>\n\t\t\t\t\t<\/div>\n\t\t\t\t<\/div>\n\t\t\t\t<\/div>","protected":false},"excerpt":{"rendered":"<p>You are about to discover a brand new world! Welcome to Click Collective, we are thrilled to know you better. MEMBERSHIP Welcome Pack* $7,950 $3,975\/month Unlimited revisions Unlimited video editing Unlimited simple animations Unlimited translation EN &#8211; FR SEO** Choose Plan *The Welcome Pack is limited to 2 month of renewal and up to 15 [&hellip;]<\/p>\n","protected":false},"author":1,"featured_media":0,"parent":2844,"menu_order":0,"comment_status":"closed","ping_status":"closed","template":"","meta":{"_eb_attr":"","_uag_custom_page_level_css":"","site-sidebar-layout":"no-sidebar","site-content-layout":"page-builder","ast-site-content-layout":"full-width-container","site-content-style":"default","site-sidebar-style":"default","ast-global-header-display":"","ast-banner-title-visibility":"","ast-main-header-display":"","ast-hfb-above-header-display":"","ast-hfb-below-header-display":"","ast-hfb-mobile-header-display":"","site-post-title":"disabled","ast-breadcrumbs-content":"","ast-featured-img":"disabled","footer-sml-layout":"","theme-transparent-header-meta":"","adv-header-id-meta":"","stick-header-meta":"","header-above-stick-meta":"","header-main-stick-meta":"","header-below-stick-meta":"","astra-migrate-meta-layouts":"set","ast-page-background-enabled":"default","ast-page-background-meta":{"desktop":{"background-color":"","background-image":"","background-repeat":"repeat","background-position":"center center","background-size":"auto","background-attachment":"scroll","background-type":"","background-media":"","overlay-type":"","overlay-color":"","overlay-opacity":"","overlay-gradient":""},"tablet":{"background-color":"","background-image":"","background-repeat":"repeat","background-position":"center center","background-size":"auto","background-attachment":"scroll","background-type":"","background-media":"","overlay-type":"","overlay-color":"","overlay-opacity":"","overlay-gradient":""},"mobile":{"background-color":"","background-image":"","background-repeat":"repeat","background-position":"center center","background-size":"auto","background-attachment":"scroll","background-type":"","background-media":"","overlay-type":"","overlay-color":"","overlay-opacity":"","overlay-gradient":""}},"ast-content-background-meta":{"desktop":{"background-color":"var(--ast-global-color-5)","background-image":"","background-repeat":"repeat","background-position":"center center","background-size":"auto","background-attachment":"scroll","background-type":"","background-media":"","overlay-type":"","overlay-color":"","overlay-opacity":"","overlay-gradient":""},"tablet":{"background-color":"var(--ast-global-color-5)","background-image":"","background-repeat":"repeat","background-position":"center center","background-size":"auto","background-attachment":"scroll","background-type":"","background-media":"","overlay-type":"","overlay-color":"","overlay-opacity":"","overlay-gradient":""},"mobile":{"background-color":"var(--ast-global-color-5)","background-image":"","background-repeat":"repeat","background-position":"center center","background-size":"auto","background-attachment":"scroll","background-type":"","background-media":"","overlay-type":"","overlay-color":"","overlay-opacity":"","overlay-gradient":""}},"footnotes":""},"class_list":["post-4200","page","type-page","status-publish","hentry"],"uagb_featured_image_src":{"full":false,"thumbnail":false,"medium":false,"medium_large":false,"large":false,"1536x1536":false,"2048x2048":false,"trp-custom-language-flag":false,"woocommerce_thumbnail":false,"woocommerce_single":false,"woocommerce_gallery_thumbnail":false},"uagb_author_info":{"display_name":"LJMRFounder","author_link":"https:\/\/click-collective.com\/fr\/author\/ljmrfounder\/"},"uagb_comment_info":0,"uagb_excerpt":"You are about to discover a brand new world! Welcome to Click Collective, we are thrilled to know you better. MEMBERSHIP Welcome Pack* $7,950 $3,975\/month Unlimited revisions Unlimited video editing Unlimited simple animations Unlimited translation EN &#8211; FR SEO** Choose Plan *The Welcome Pack is limited to 2 month of renewal and up to 15\u2026","jetpack_sharing_enabled":true,"_links":{"self":[{"href":"https:\/\/click-collective.com\/fr\/wp-json\/wp\/v2\/pages\/4200","targetHints":{"allow":["GET"]}}],"collection":[{"href":"https:\/\/click-collective.com\/fr\/wp-json\/wp\/v2\/pages"}],"about":[{"href":"https:\/\/click-collective.com\/fr\/wp-json\/wp\/v2\/types\/page"}],"author":[{"embeddable":true,"href":"https:\/\/click-collective.com\/fr\/wp-json\/wp\/v2\/users\/1"}],"replies":[{"embeddable":true,"href":"https:\/\/click-collective.com\/fr\/wp-json\/wp\/v2\/comments?post=4200"}],"version-history":[{"count":25,"href":"https:\/\/click-collective.com\/fr\/wp-json\/wp\/v2\/pages\/4200\/revisions"}],"predecessor-version":[{"id":4357,"href":"https:\/\/click-collective.com\/fr\/wp-json\/wp\/v2\/pages\/4200\/revisions\/4357"}],"up":[{"embeddable":true,"href":"https:\/\/click-collective.com\/fr\/wp-json\/wp\/v2\/pages\/2844"}],"wp:attachment":[{"href":"https:\/\/click-collective.com\/fr\/wp-json\/wp\/v2\/media?parent=4200"}],"curies":[{"name":"wp","href":"https:\/\/api.w.org\/{rel}","templated":true}]}}